{"id":273975,"date":"2024-09-02T18:53:18","date_gmt":"2024-09-02T15:53:18","guid":{"rendered":"https:\/\/noisch.com\/impressum\/"},"modified":"2024-09-02T18:53:20","modified_gmt":"2024-09-02T15:53:20","slug":"impressum","status":"publish","type":"page","link":"https:\/\/noisch.com\/ru\/impressum\/","title":{"rendered":"Impressum"},"content":{"rendered":"<p>[et_pb_section fb_built=&#187;1&#8243; _builder_version=&#187;4.16&#8243; background_color=&#187;#FFFFFF&#187; max_width=&#187;1600%&#187; module_alignment=&#187;center&#187; global_colors_info=&#187;{}&#187;][et_pb_row module_class=&#187; et_pb_row_fullwidth&#187; _builder_version=&#187;4.16&#8243; width=&#187;100%&#187; width_tablet=&#187;80%&#187; width_phone=&#187;90%&#187; width_last_edited=&#187;on|desktop&#187; max_width_tablet=&#187;80%&#187; max_width_phone=&#187;90%&#187; max_width_last_edited=&#187;on|desktop&#187; module_alignment=&#187;center&#187; custom_margin=&#187;|0px||3%&#187; custom_padding=&#187;60px|0px|50px|5%|false|false&#187; make_fullwidth=&#187;on&#187; global_colors_info=&#187;{}&#187;][et_pb_column type=&#187;4_4&#8243; _builder_version=&#187;4.16&#8243; custom_padding=&#187;|||&#187; global_colors_info=&#187;{}&#187; custom_padding__hover=&#187;|||&#187;][et_pb_text _builder_version=&#187;4.24.2&#8243; text_font=&#187;Verdana||||||||&#187; link_text_color=&#187;gcid-e2f52692-8a01-440b-961e-d2105b0d4bfb&#187; ul_font=&#187;||||||||&#187; header_font=&#187;Verdana||||||||&#187; header_font_size=&#187;40px&#187; header_line_height=&#187;1.7em&#187; header_2_font=&#187;Verdana||||||||&#187; header_2_font_size=&#187;24px&#187; width=&#187;100%&#187; max_width=&#187;800px&#187; max_width_tablet=&#187;800px&#187; max_width_phone=&#187;800px&#187; max_width_last_edited=&#187;on|phone&#187; module_alignment=&#187;center&#187; text_font_size_tablet=&#187;&#187; text_font_size_phone=&#187;14px&#187; text_font_size_last_edited=&#187;on|desktop&#187; header_font_size_tablet=&#187;30px&#187; header_font_size_phone=&#187;20px&#187; header_font_size_last_edited=&#187;on|phone&#187; header_2_font_size_tablet=&#187;20px&#187; header_2_font_size_phone=&#187;16px&#187; header_2_font_size_last_edited=&#187;on|phone&#187; global_colors_info=&#187;{%22gcid-e2f52692-8a01-440b-961e-d2105b0d4bfb%22:%91%22link_text_color%22%93}&#187; hover_enabled=&#187;0&#8243; sticky_enabled=&#187;0&#8243;]<\/p>\n<h1>Impressum<\/h1>\n<p>&nbsp;<\/p>\n<h2>Angaben gem\u00e4\u00df \u00a7 5 TMG<\/h2>\n<p>Natalia Shurdukova<br \/>Webdesign Agentur NOiSCH<br \/>Am Bruch 8<br \/>57577 Hamm Sieg<\/p>\n<h2>Kontakt<\/h2>\n<p>Telefon: +49 1512 0271359<br \/>E-Mail: <a href=\"mailto:info@noisch.com\">info@noisch.com<\/a><\/p>\n<h2>Steuernummer<\/h2>\n<p>02\/163\/50473<\/p>\n<p>&nbsp;<\/p>\n<h2>Umsatzsteuer-Identifikationsnummer<\/h2>\n<p>DE359819393<\/p>\n<h2>EU-Streitschlichtung<\/h2>\n<p>Die Europ\u00e4ische Kommission stellt eine Plattform zur Online-Streitbeilegung (OS) bereit: <a href=\"https:\/\/ec.europa.eu\/consumers\/odr\">https:\/\/ec.europa.eu\/consumers\/odr<\/a>.<br \/>Unsere E-Mail-Adresse finden Sie oben im Impressum.<\/p>\n<p>&nbsp;<\/p>\n<h2>Verbraucher\u00adstreit\u00adbeilegung\/Universal\u00adschlichtungs\u00adstelle<\/h2>\n<p>Wir sind nicht bereit oder verpflichtet, an Streitbeilegungsverfahren vor einer Verbraucherschlichtungsstelle teilzunehmen.<\/p>\n<h2>Haftung f\u00fcr Inhalte<\/h2>\n<p>Als Diensteanbieter sind wir gem\u00e4\u00df \u00a7 7 Abs.1 TMG f\u00fcr eigene Inhalte auf diesen Seiten nach den allgemeinen Gesetzen verantwortlich. Nach \u00a7\u00a7 8 bis 10 TMG sind wir als Diensteanbieter jedoch nicht verpflichtet, \u00fcbermittelte oder gespeicherte fremde Informationen zu \u00fcberwachen oder nach Umst\u00e4nden zu forschen, die auf eine rechtswidrige T\u00e4tigkeit hinweisen.<br \/>Verpflichtungen zur Entfernung oder Sperrung der Nutzung von Informationen nach den allgemeinen Gesetzen bleiben hiervon unber\u00fchrt. Eine diesbez\u00fcgliche Haftung ist jedoch erst ab dem Zeitpunkt der Kenntnis einer konkreten Rechtsverletzung m\u00f6glich. Bei Bekanntwerden von entsprechenden Rechtsverletzungen werden wir diese Inhalte umgehend entfernen.<\/p>\n<h2>Haftung f\u00fcr Links<\/h2>\n<p>Unser Angebot enth\u00e4lt Links zu externen Websites Dritter, auf deren Inhalte wir keinen Einfluss haben. Deshalb k\u00f6nnen wir f\u00fcr diese fremden Inhalte auch keine Gew\u00e4hr \u00fcbernehmen. F\u00fcr die Inhalte der verlinkten Seiten ist stets der jeweilige Anbieter oder Betreiber der Seiten verantwortlich. Die verlinkten Seiten wurden zum Zeitpunkt der Verlinkung auf m\u00f6gliche Rechtsverst\u00f6\u00dfe \u00fcberpr\u00fcft. Rechtswidrige Inhalte waren zum Zeitpunkt der Verlinkung nicht erkennbar.<br \/>Eine permanente inhaltliche Kontrolle der verlinkten Seiten ist jedoch ohne konkrete Anhaltspunkte einer Rechtsverletzung nicht zumutbar. Bei Bekanntwerden von Rechtsverletzungen werden wir derartige Links umgehend entfernen.<\/p>\n<h2>Urheberrecht<\/h2>\n<p>Die durch die Seitenbetreiber erstellten Inhalte und Werke auf diesen Seiten unterliegen dem deutschen Urheberrecht. Die Vervielf\u00e4ltigung, Bearbeitung, Verbreitung und jede Art der Verwertung au\u00dferhalb der Grenzen des Urheberrechtes bed\u00fcrfen der schriftlichen Zustimmung des jeweiligen Autors bzw. Erstellers. Downloads und Kopien dieser Seite sind nur f\u00fcr den privaten, nicht kommerziellen Gebrauch gestattet.<br \/>Soweit die Inhalte auf dieser Seite nicht vom Betreiber erstellt wurden, werden die Urheberrechte Dritter beachtet. Insbesondere werden Inhalte Dritter als solche gekennzeichnet. Sollten Sie trotzdem auf eine Urheberrechtsverletzung aufmerksam werden, bitten wir um einen entsprechenden Hinweis. Bei Bekanntwerden von Rechtsverletzungen werden wir derartige Inhalte umgehend entfernen.<\/p>\n<h2>Quellenangaben f\u00fcr die verwendeten Bilder und Grafiken:<\/h2>\n<p><a href=\"lottiefiles.com\">lottiefiles.com<\/a><\/p>\n<p>[\/et_pb_text][\/et_pb_column][\/et_pb_row][\/et_pb_section]<\/p>\n","protected":false},"excerpt":{"rendered":"<p>Impressum &nbsp; Angaben gem\u00e4\u00df \u00a7 5 TMG Natalia ShurdukovaWebdesign Agentur NOiSCHAm Bruch 857577 Hamm Sieg Kontakt Telefon: +49 1512 0271359E-Mail: info@noisch.com Steuernummer 02\/163\/50473 &nbsp; Umsatzsteuer-Identifikationsnummer DE359819393 EU-Streitschlichtung Die Europ\u00e4ische Kommission stellt eine Plattform zur Online-Streitbeilegung (OS) bereit: https:\/\/ec.europa.eu\/consumers\/odr.Unsere E-Mail-Adresse finden Sie oben im Impressum. &nbsp; Verbraucher\u00adstreit\u00adbeilegung\/Universal\u00adschlichtungs\u00adstelle Wir sind nicht bereit oder verpflichtet, an Streitbeilegungsverfahren vor einer Verbraucherschlichtungsstelle teilzunehmen. Haftung f\u00fcr Inhalte Als Diensteanbieter sind wir gem\u00e4\u00df \u00a7 7 Abs.1 TMG f\u00fcr eigene Inhalte auf diesen Seiten nach den allgemeinen Gesetzen verantwortlich. Nach \u00a7\u00a7 8 bis 10 TMG sind wir als Diensteanbieter jedoch nicht verpflichtet, \u00fcbermittelte oder gespeicherte fremde Informationen zu \u00fcberwachen oder nach Umst\u00e4nden zu forschen, die auf eine rechtswidrige T\u00e4tigkeit hinweisen.Verpflichtungen zur Entfernung oder Sperrung der Nutzung von Informationen nach den allgemeinen Gesetzen bleiben hiervon unber\u00fchrt. Eine diesbez\u00fcgliche Haftung ist jedoch erst ab dem Zeitpunkt der Kenntnis einer konkreten Rechtsverletzung m\u00f6glich. Bei Bekanntwerden von entsprechenden Rechtsverletzungen werden wir diese Inhalte umgehend entfernen. Haftung f\u00fcr Links Unser Angebot enth\u00e4lt Links zu externen Websites Dritter, auf deren Inhalte wir keinen Einfluss haben. Deshalb k\u00f6nnen wir f\u00fcr diese fremden Inhalte auch keine Gew\u00e4hr \u00fcbernehmen. F\u00fcr die Inhalte der verlinkten Seiten ist stets der jeweilige Anbieter oder Betreiber der Seiten verantwortlich. Die verlinkten [&hellip;]<\/p>\n","protected":false},"author":1,"featured_media":0,"parent":0,"menu_order":0,"comment_status":"closed","ping_status":"closed","template":"","meta":{"_et_pb_use_builder":"on","_et_pb_old_content":"","_et_gb_content_width":"","footnotes":""},"folder":[],"class_list":["post-273975","page","type-page","status-publish","hentry"],"yoast_head":"<!-- This site is optimized with the Yoast SEO plugin v27.3 - https:\/\/yoast.com\/product\/yoast-seo-wordpress\/ -->\n<title>Impressum - NOiSCH Webdesign Agentur<\/title>\n<meta name=\"robots\" content=\"index, follow, max-snippet:-1, max-image-preview:large, max-video-preview:-1\" \/>\n<link rel=\"canonical\" href=\"https:\/\/noisch.com\/ru\/impressum\/\" \/>\n<meta property=\"og:locale\" content=\"ru_RU\" \/>\n<meta property=\"og:type\" content=\"article\" \/>\n<meta property=\"og:title\" content=\"Impressum - NOiSCH Webdesign Agentur\" \/>\n<meta property=\"og:description\" content=\"Impressum &nbsp; Angaben gem\u00e4\u00df \u00a7 5 TMG Natalia ShurdukovaWebdesign Agentur NOiSCHAm Bruch 857577 Hamm Sieg Kontakt Telefon: +49 1512 0271359E-Mail: info@noisch.com Steuernummer 02\/163\/50473 &nbsp; Umsatzsteuer-Identifikationsnummer DE359819393 EU-Streitschlichtung Die Europ\u00e4ische Kommission stellt eine Plattform zur Online-Streitbeilegung (OS) bereit: https:\/\/ec.europa.eu\/consumers\/odr.Unsere E-Mail-Adresse finden Sie oben im Impressum. &nbsp; Verbraucher\u00adstreit\u00adbeilegung\/Universal\u00adschlichtungs\u00adstelle Wir sind nicht bereit oder verpflichtet, an Streitbeilegungsverfahren vor einer Verbraucherschlichtungsstelle teilzunehmen. Haftung f\u00fcr Inhalte Als Diensteanbieter sind wir gem\u00e4\u00df \u00a7 7 Abs.1 TMG f\u00fcr eigene Inhalte auf diesen Seiten nach den allgemeinen Gesetzen verantwortlich. Nach \u00a7\u00a7 8 bis 10 TMG sind wir als Diensteanbieter jedoch nicht verpflichtet, \u00fcbermittelte oder gespeicherte fremde Informationen zu \u00fcberwachen oder nach Umst\u00e4nden zu forschen, die auf eine rechtswidrige T\u00e4tigkeit hinweisen.Verpflichtungen zur Entfernung oder Sperrung der Nutzung von Informationen nach den allgemeinen Gesetzen bleiben hiervon unber\u00fchrt. Eine diesbez\u00fcgliche Haftung ist jedoch erst ab dem Zeitpunkt der Kenntnis einer konkreten Rechtsverletzung m\u00f6glich. Bei Bekanntwerden von entsprechenden Rechtsverletzungen werden wir diese Inhalte umgehend entfernen. Haftung f\u00fcr Links Unser Angebot enth\u00e4lt Links zu externen Websites Dritter, auf deren Inhalte wir keinen Einfluss haben. Deshalb k\u00f6nnen wir f\u00fcr diese fremden Inhalte auch keine Gew\u00e4hr \u00fcbernehmen. F\u00fcr die Inhalte der verlinkten Seiten ist stets der jeweilige Anbieter oder Betreiber der Seiten verantwortlich. Die verlinkten [&hellip;]\" \/>\n<meta property=\"og:url\" content=\"https:\/\/noisch.com\/ru\/impressum\/\" \/>\n<meta property=\"og:site_name\" content=\"NOiSCH Webdesign Agentur\" \/>\n<meta property=\"article:modified_time\" content=\"2024-09-02T15:53:20+00:00\" \/>\n<meta name=\"twitter:card\" content=\"summary_large_image\" \/>\n<meta name=\"twitter:label1\" content=\"\u041f\u0440\u0438\u043c\u0435\u0440\u043d\u043e\u0435 \u0432\u0440\u0435\u043c\u044f \u0434\u043b\u044f \u0447\u0442\u0435\u043d\u0438\u044f\" \/>\n\t<meta name=\"twitter:data1\" content=\"3 \u043c\u0438\u043d\u0443\u0442\u044b\" \/>\n<script type=\"application\/ld+json\" class=\"yoast-schema-graph\">{\"@context\":\"https:\\\/\\\/schema.org\",\"@graph\":[{\"@type\":\"WebPage\",\"@id\":\"https:\\\/\\\/noisch.com\\\/ru\\\/impressum\\\/\",\"url\":\"https:\\\/\\\/noisch.com\\\/ru\\\/impressum\\\/\",\"name\":\"Impressum - NOiSCH Webdesign Agentur\",\"isPartOf\":{\"@id\":\"https:\\\/\\\/noisch.com\\\/ru\\\/#website\"},\"datePublished\":\"2024-09-02T15:53:18+00:00\",\"dateModified\":\"2024-09-02T15:53:20+00:00\",\"breadcrumb\":{\"@id\":\"https:\\\/\\\/noisch.com\\\/ru\\\/impressum\\\/#breadcrumb\"},\"inLanguage\":\"ru-RU\",\"potentialAction\":[{\"@type\":\"ReadAction\",\"target\":[\"https:\\\/\\\/noisch.com\\\/ru\\\/impressum\\\/\"]}]},{\"@type\":\"BreadcrumbList\",\"@id\":\"https:\\\/\\\/noisch.com\\\/ru\\\/impressum\\\/#breadcrumb\",\"itemListElement\":[{\"@type\":\"ListItem\",\"position\":1,\"name\":\"\u0413\u043b\u0430\u0432\u043d\u0430\u044f \u0441\u0442\u0440\u0430\u043d\u0438\u0446\u0430\",\"item\":\"https:\\\/\\\/noisch.com\\\/ru\\\/\"},{\"@type\":\"ListItem\",\"position\":2,\"name\":\"Impressum\"}]},{\"@type\":\"WebSite\",\"@id\":\"https:\\\/\\\/noisch.com\\\/ru\\\/#website\",\"url\":\"https:\\\/\\\/noisch.com\\\/ru\\\/\",\"name\":\"NOiSCH Webdesign Agentur\",\"description\":\"Erstellung von Websites auf WordPress\",\"publisher\":{\"@id\":\"https:\\\/\\\/noisch.com\\\/ru\\\/#organization\"},\"alternateName\":\"NOiSCH Webdesign\",\"potentialAction\":[{\"@type\":\"SearchAction\",\"target\":{\"@type\":\"EntryPoint\",\"urlTemplate\":\"https:\\\/\\\/noisch.com\\\/ru\\\/?s={search_term_string}\"},\"query-input\":{\"@type\":\"PropertyValueSpecification\",\"valueRequired\":true,\"valueName\":\"search_term_string\"}}],\"inLanguage\":\"ru-RU\"},{\"@type\":\"Organization\",\"@id\":\"https:\\\/\\\/noisch.com\\\/ru\\\/#organization\",\"name\":\"NOiSCH Webdesign Agentur\",\"url\":\"https:\\\/\\\/noisch.com\\\/ru\\\/\",\"logo\":{\"@type\":\"ImageObject\",\"inLanguage\":\"ru-RU\",\"@id\":\"https:\\\/\\\/noisch.com\\\/ru\\\/#\\\/schema\\\/logo\\\/image\\\/\",\"url\":\"https:\\\/\\\/noisch.com\\\/wp-content\\\/uploads\\\/2023\\\/04\\\/noisch_logo_5_696.png\",\"contentUrl\":\"https:\\\/\\\/noisch.com\\\/wp-content\\\/uploads\\\/2023\\\/04\\\/noisch_logo_5_696.png\",\"width\":696,\"height\":696,\"caption\":\"NOiSCH Webdesign Agentur\"},\"image\":{\"@id\":\"https:\\\/\\\/noisch.com\\\/ru\\\/#\\\/schema\\\/logo\\\/image\\\/\"}}]}<\/script>\n<!-- \/ Yoast SEO plugin. -->","yoast_head_json":{"title":"Impressum - NOiSCH Webdesign Agentur","robots":{"index":"index","follow":"follow","max-snippet":"max-snippet:-1","max-image-preview":"max-image-preview:large","max-video-preview":"max-video-preview:-1"},"canonical":"https:\/\/noisch.com\/ru\/impressum\/","og_locale":"ru_RU","og_type":"article","og_title":"Impressum - NOiSCH Webdesign Agentur","og_description":"Impressum &nbsp; Angaben gem\u00e4\u00df \u00a7 5 TMG Natalia ShurdukovaWebdesign Agentur NOiSCHAm Bruch 857577 Hamm Sieg Kontakt Telefon: +49 1512 0271359E-Mail: info@noisch.com Steuernummer 02\/163\/50473 &nbsp; Umsatzsteuer-Identifikationsnummer DE359819393 EU-Streitschlichtung Die Europ\u00e4ische Kommission stellt eine Plattform zur Online-Streitbeilegung (OS) bereit: https:\/\/ec.europa.eu\/consumers\/odr.Unsere E-Mail-Adresse finden Sie oben im Impressum. &nbsp; Verbraucher\u00adstreit\u00adbeilegung\/Universal\u00adschlichtungs\u00adstelle Wir sind nicht bereit oder verpflichtet, an Streitbeilegungsverfahren vor einer Verbraucherschlichtungsstelle teilzunehmen. Haftung f\u00fcr Inhalte Als Diensteanbieter sind wir gem\u00e4\u00df \u00a7 7 Abs.1 TMG f\u00fcr eigene Inhalte auf diesen Seiten nach den allgemeinen Gesetzen verantwortlich. Nach \u00a7\u00a7 8 bis 10 TMG sind wir als Diensteanbieter jedoch nicht verpflichtet, \u00fcbermittelte oder gespeicherte fremde Informationen zu \u00fcberwachen oder nach Umst\u00e4nden zu forschen, die auf eine rechtswidrige T\u00e4tigkeit hinweisen.Verpflichtungen zur Entfernung oder Sperrung der Nutzung von Informationen nach den allgemeinen Gesetzen bleiben hiervon unber\u00fchrt. Eine diesbez\u00fcgliche Haftung ist jedoch erst ab dem Zeitpunkt der Kenntnis einer konkreten Rechtsverletzung m\u00f6glich. Bei Bekanntwerden von entsprechenden Rechtsverletzungen werden wir diese Inhalte umgehend entfernen. Haftung f\u00fcr Links Unser Angebot enth\u00e4lt Links zu externen Websites Dritter, auf deren Inhalte wir keinen Einfluss haben. Deshalb k\u00f6nnen wir f\u00fcr diese fremden Inhalte auch keine Gew\u00e4hr \u00fcbernehmen. F\u00fcr die Inhalte der verlinkten Seiten ist stets der jeweilige Anbieter oder Betreiber der Seiten verantwortlich. Die verlinkten [&hellip;]","og_url":"https:\/\/noisch.com\/ru\/impressum\/","og_site_name":"NOiSCH Webdesign Agentur","article_modified_time":"2024-09-02T15:53:20+00:00","twitter_card":"summary_large_image","twitter_misc":{"\u041f\u0440\u0438\u043c\u0435\u0440\u043d\u043e\u0435 \u0432\u0440\u0435\u043c\u044f \u0434\u043b\u044f \u0447\u0442\u0435\u043d\u0438\u044f":"3 \u043c\u0438\u043d\u0443\u0442\u044b"},"schema":{"@context":"https:\/\/schema.org","@graph":[{"@type":"WebPage","@id":"https:\/\/noisch.com\/ru\/impressum\/","url":"https:\/\/noisch.com\/ru\/impressum\/","name":"Impressum - NOiSCH Webdesign Agentur","isPartOf":{"@id":"https:\/\/noisch.com\/ru\/#website"},"datePublished":"2024-09-02T15:53:18+00:00","dateModified":"2024-09-02T15:53:20+00:00","breadcrumb":{"@id":"https:\/\/noisch.com\/ru\/impressum\/#breadcrumb"},"inLanguage":"ru-RU","potentialAction":[{"@type":"ReadAction","target":["https:\/\/noisch.com\/ru\/impressum\/"]}]},{"@type":"BreadcrumbList","@id":"https:\/\/noisch.com\/ru\/impressum\/#breadcrumb","itemListElement":[{"@type":"ListItem","position":1,"name":"\u0413\u043b\u0430\u0432\u043d\u0430\u044f \u0441\u0442\u0440\u0430\u043d\u0438\u0446\u0430","item":"https:\/\/noisch.com\/ru\/"},{"@type":"ListItem","position":2,"name":"Impressum"}]},{"@type":"WebSite","@id":"https:\/\/noisch.com\/ru\/#website","url":"https:\/\/noisch.com\/ru\/","name":"NOiSCH Webdesign Agentur","description":"Erstellung von Websites auf WordPress","publisher":{"@id":"https:\/\/noisch.com\/ru\/#organization"},"alternateName":"NOiSCH Webdesign","potentialAction":[{"@type":"SearchAction","target":{"@type":"EntryPoint","urlTemplate":"https:\/\/noisch.com\/ru\/?s={search_term_string}"},"query-input":{"@type":"PropertyValueSpecification","valueRequired":true,"valueName":"search_term_string"}}],"inLanguage":"ru-RU"},{"@type":"Organization","@id":"https:\/\/noisch.com\/ru\/#organization","name":"NOiSCH Webdesign Agentur","url":"https:\/\/noisch.com\/ru\/","logo":{"@type":"ImageObject","inLanguage":"ru-RU","@id":"https:\/\/noisch.com\/ru\/#\/schema\/logo\/image\/","url":"https:\/\/noisch.com\/wp-content\/uploads\/2023\/04\/noisch_logo_5_696.png","contentUrl":"https:\/\/noisch.com\/wp-content\/uploads\/2023\/04\/noisch_logo_5_696.png","width":696,"height":696,"caption":"NOiSCH Webdesign Agentur"},"image":{"@id":"https:\/\/noisch.com\/ru\/#\/schema\/logo\/image\/"}}]}},"_links":{"self":[{"href":"https:\/\/noisch.com\/ru\/wp-json\/wp\/v2\/pages\/273975","targetHints":{"allow":["GET"]}}],"collection":[{"href":"https:\/\/noisch.com\/ru\/wp-json\/wp\/v2\/pages"}],"about":[{"href":"https:\/\/noisch.com\/ru\/wp-json\/wp\/v2\/types\/page"}],"author":[{"embeddable":true,"href":"https:\/\/noisch.com\/ru\/wp-json\/wp\/v2\/users\/1"}],"replies":[{"embeddable":true,"href":"https:\/\/noisch.com\/ru\/wp-json\/wp\/v2\/comments?post=273975"}],"version-history":[{"count":1,"href":"https:\/\/noisch.com\/ru\/wp-json\/wp\/v2\/pages\/273975\/revisions"}],"predecessor-version":[{"id":273978,"href":"https:\/\/noisch.com\/ru\/wp-json\/wp\/v2\/pages\/273975\/revisions\/273978"}],"wp:attachment":[{"href":"https:\/\/noisch.com\/ru\/wp-json\/wp\/v2\/media?parent=273975"}],"wp:term":[{"taxonomy":"folder","embeddable":true,"href":"https:\/\/noisch.com\/ru\/wp-json\/wp\/v2\/folder?post=273975"}],"curies":[{"name":"wp","href":"https:\/\/api.w.org\/{rel}","templated":true}]}}